{"id":265,"date":"2021-09-15T12:32:16","date_gmt":"2021-09-15T12:32:16","guid":{"rendered":"https:\/\/subcontracting.vellerand.eu\/allhange\/"},"modified":"2022-06-08T11:01:17","modified_gmt":"2022-06-08T11:01:17","slug":"allhange","status":"publish","type":"page","link":"https:\/\/subcontracting.vellerand.eu\/et\/","title":{"rendered":"Allhange"},"content":{"rendered":"","protected":false},"excerpt":{"rendered":"","protected":false},"author":2,"featured_media":0,"parent":0,"menu_order":0,"comment_status":"closed","ping_status":"closed","template":"templates\/homepage.php","meta":{"footnotes":""},"class_list":["post-265","page","type-page","status-publish","hentry"],"yoast_head":"<!-- This site is optimized with the Yoast SEO plugin v17.2 - https:\/\/yoast.com\/wordpress\/plugins\/seo\/ -->\n<meta name=\"description\" content=\"Metallit\u00f6\u00f6 ja sellega seotud teenused on meie eriala. Pakume monteerimist ja keevitamist, CNC treimist ja freesimist, m\u00f5\u00f5tmislahendusi, lehtmetalli ning torude ja traatide t\u00f6\u00f6tlemist ning ka m\u00fc\u00fcme metalli.\" \/>\n<meta name=\"robots\" content=\"index, follow, max-snippet:-1, max-image-preview:large, max-video-preview:-1\" \/>\n<link rel=\"canonical\" href=\"https:\/\/subcontracting.vellerand.eu\/et\/\" \/>\n<meta property=\"og:locale\" content=\"et_EE\" \/>\n<meta property=\"og:type\" content=\"article\" \/>\n<meta property=\"og:title\" content=\"Vellerand &ndash; Allhange\" \/>\n<meta property=\"og:description\" content=\"Metallit\u00f6\u00f6 ja sellega seotud teenused on meie eriala. Pakume monteerimist ja keevitamist, CNC treimist ja freesimist, m\u00f5\u00f5tmislahendusi, lehtmetalli ning torude ja traatide t\u00f6\u00f6tlemist ning ka m\u00fc\u00fcme metalli.\" \/>\n<meta property=\"og:url\" content=\"https:\/\/subcontracting.vellerand.eu\/et\/\" \/>\n<meta property=\"og:site_name\" content=\"Vellerand\" \/>\n<meta property=\"article:modified_time\" content=\"2022-06-08T11:01:17+00:00\" \/>\n<meta name=\"twitter:card\" content=\"summary_large_image\" \/>\n<script type=\"application\/ld+json\" class=\"yoast-schema-graph\">{\"@context\":\"https:\/\/schema.org\",\"@graph\":[{\"@type\":\"Organization\",\"@id\":\"https:\/\/subcontracting.vellerand.eu\/et\/#organization\",\"name\":\"Vellerand\",\"url\":\"https:\/\/subcontracting.vellerand.eu\/et\/\",\"sameAs\":[],\"logo\":{\"@type\":\"ImageObject\",\"@id\":\"https:\/\/subcontracting.vellerand.eu\/et\/#logo\",\"inLanguage\":\"et\",\"url\":\"https:\/\/subcontracting.vellerand.eu\/wp-content\/uploads\/2021\/08\/logo.png\",\"contentUrl\":\"https:\/\/subcontracting.vellerand.eu\/wp-content\/uploads\/2021\/08\/logo.png\",\"width\":120,\"height\":146,\"caption\":\"Vellerand\"},\"image\":{\"@id\":\"https:\/\/subcontracting.vellerand.eu\/et\/#logo\"}},{\"@type\":\"WebSite\",\"@id\":\"https:\/\/subcontracting.vellerand.eu\/et\/#website\",\"url\":\"https:\/\/subcontracting.vellerand.eu\/et\/\",\"name\":\"Vellerand\",\"description\":\"Subcontracting\",\"publisher\":{\"@id\":\"https:\/\/subcontracting.vellerand.eu\/et\/#organization\"},\"potentialAction\":[{\"@type\":\"SearchAction\",\"target\":{\"@type\":\"EntryPoint\",\"urlTemplate\":\"https:\/\/subcontracting.vellerand.eu\/et\/?s={search_term_string}\"},\"query-input\":\"required name=search_term_string\"}],\"inLanguage\":\"et\"},{\"@type\":\"WebPage\",\"@id\":\"https:\/\/subcontracting.vellerand.eu\/et\/#webpage\",\"url\":\"https:\/\/subcontracting.vellerand.eu\/et\/\",\"name\":\"Vellerand &ndash; Allhange\",\"isPartOf\":{\"@id\":\"https:\/\/subcontracting.vellerand.eu\/et\/#website\"},\"datePublished\":\"2021-09-15T12:32:16+00:00\",\"dateModified\":\"2022-06-08T11:01:17+00:00\",\"description\":\"Metallit\\u00f6\\u00f6 ja sellega seotud teenused on meie eriala. Pakume monteerimist ja keevitamist, CNC treimist ja freesimist, m\\u00f5\\u00f5tmislahendusi, lehtmetalli ning torude ja traatide t\\u00f6\\u00f6tlemist ning ka m\\u00fc\\u00fcme metalli.\",\"breadcrumb\":{\"@id\":\"https:\/\/subcontracting.vellerand.eu\/et\/#breadcrumb\"},\"inLanguage\":\"et\",\"potentialAction\":[{\"@type\":\"ReadAction\",\"target\":[\"https:\/\/subcontracting.vellerand.eu\/et\/\"]}]},{\"@type\":\"BreadcrumbList\",\"@id\":\"https:\/\/subcontracting.vellerand.eu\/et\/#breadcrumb\",\"itemListElement\":[{\"@type\":\"ListItem\",\"position\":1,\"name\":\"Home\",\"item\":\"https:\/\/subcontracting.vellerand.eu\/et\/\"},{\"@type\":\"ListItem\",\"position\":2,\"name\":\"Allhange\"}]}]}<\/script>\n<!-- \/ Yoast SEO plugin. -->","yoast_head_json":{"description":"Metallit\u00f6\u00f6 ja sellega seotud teenused on meie eriala. Pakume monteerimist ja keevitamist, CNC treimist ja freesimist, m\u00f5\u00f5tmislahendusi, lehtmetalli ning torude ja traatide t\u00f6\u00f6tlemist ning ka m\u00fc\u00fcme metalli.","robots":{"index":"index","follow":"follow","max-snippet":"max-snippet:-1","max-image-preview":"max-image-preview:large","max-video-preview":"max-video-preview:-1"},"canonical":"https:\/\/subcontracting.vellerand.eu\/et\/","og_locale":"et_EE","og_type":"article","og_title":"Vellerand &ndash; Allhange","og_description":"Metallit\u00f6\u00f6 ja sellega seotud teenused on meie eriala. Pakume monteerimist ja keevitamist, CNC treimist ja freesimist, m\u00f5\u00f5tmislahendusi, lehtmetalli ning torude ja traatide t\u00f6\u00f6tlemist ning ka m\u00fc\u00fcme metalli.","og_url":"https:\/\/subcontracting.vellerand.eu\/et\/","og_site_name":"Vellerand","article_modified_time":"2022-06-08T11:01:17+00:00","twitter_card":"summary_large_image","schema":{"@context":"https:\/\/schema.org","@graph":[{"@type":"Organization","@id":"https:\/\/subcontracting.vellerand.eu\/et\/#organization","name":"Vellerand","url":"https:\/\/subcontracting.vellerand.eu\/et\/","sameAs":[],"logo":{"@type":"ImageObject","@id":"https:\/\/subcontracting.vellerand.eu\/et\/#logo","inLanguage":"et","url":"https:\/\/subcontracting.vellerand.eu\/wp-content\/uploads\/2021\/08\/logo.png","contentUrl":"https:\/\/subcontracting.vellerand.eu\/wp-content\/uploads\/2021\/08\/logo.png","width":120,"height":146,"caption":"Vellerand"},"image":{"@id":"https:\/\/subcontracting.vellerand.eu\/et\/#logo"}},{"@type":"WebSite","@id":"https:\/\/subcontracting.vellerand.eu\/et\/#website","url":"https:\/\/subcontracting.vellerand.eu\/et\/","name":"Vellerand","description":"Subcontracting","publisher":{"@id":"https:\/\/subcontracting.vellerand.eu\/et\/#organization"},"potentialAction":[{"@type":"SearchAction","target":{"@type":"EntryPoint","urlTemplate":"https:\/\/subcontracting.vellerand.eu\/et\/?s={search_term_string}"},"query-input":"required name=search_term_string"}],"inLanguage":"et"},{"@type":"WebPage","@id":"https:\/\/subcontracting.vellerand.eu\/et\/#webpage","url":"https:\/\/subcontracting.vellerand.eu\/et\/","name":"Vellerand &ndash; Allhange","isPartOf":{"@id":"https:\/\/subcontracting.vellerand.eu\/et\/#website"},"datePublished":"2021-09-15T12:32:16+00:00","dateModified":"2022-06-08T11:01:17+00:00","description":"Metallit\u00f6\u00f6 ja sellega seotud teenused on meie eriala. Pakume monteerimist ja keevitamist, CNC treimist ja freesimist, m\u00f5\u00f5tmislahendusi, lehtmetalli ning torude ja traatide t\u00f6\u00f6tlemist ning ka m\u00fc\u00fcme metalli.","breadcrumb":{"@id":"https:\/\/subcontracting.vellerand.eu\/et\/#breadcrumb"},"inLanguage":"et","potentialAction":[{"@type":"ReadAction","target":["https:\/\/subcontracting.vellerand.eu\/et\/"]}]},{"@type":"BreadcrumbList","@id":"https:\/\/subcontracting.vellerand.eu\/et\/#breadcrumb","itemListElement":[{"@type":"ListItem","position":1,"name":"Home","item":"https:\/\/subcontracting.vellerand.eu\/et\/"},{"@type":"ListItem","position":2,"name":"Allhange"}]}]}},"_links":{"self":[{"href":"https:\/\/subcontracting.vellerand.eu\/et\/wp-json\/wp\/v2\/pages\/265","targetHints":{"allow":["GET"]}}],"collection":[{"href":"https:\/\/subcontracting.vellerand.eu\/et\/wp-json\/wp\/v2\/pages"}],"about":[{"href":"https:\/\/subcontracting.vellerand.eu\/et\/wp-json\/wp\/v2\/types\/page"}],"author":[{"embeddable":true,"href":"https:\/\/subcontracting.vellerand.eu\/et\/wp-json\/wp\/v2\/users\/2"}],"replies":[{"embeddable":true,"href":"https:\/\/subcontracting.vellerand.eu\/et\/wp-json\/wp\/v2\/comments?post=265"}],"version-history":[{"count":17,"href":"https:\/\/subcontracting.vellerand.eu\/et\/wp-json\/wp\/v2\/pages\/265\/revisions"}],"predecessor-version":[{"id":370,"href":"https:\/\/subcontracting.vellerand.eu\/et\/wp-json\/wp\/v2\/pages\/265\/revisions\/370"}],"wp:attachment":[{"href":"https:\/\/subcontracting.vellerand.eu\/et\/wp-json\/wp\/v2\/media?parent=265"}],"curies":[{"name":"wp","href":"https:\/\/api.w.org\/{rel}","templated":true}]}}